{"id":1555,"date":"2021-05-04T17:23:13","date_gmt":"2021-05-04T15:23:13","guid":{"rendered":"https:\/\/mites.it\/new\/?page_id=1555"},"modified":"2021-05-08T16:00:47","modified_gmt":"2021-05-08T14:00:47","slug":"noleggio-autogru","status":"publish","type":"page","link":"https:\/\/mites.it\/online\/noleggio-autogru\/","title":{"rendered":"Noleggio autogr\u00f9"},"content":{"rendered":"\t\t<div data-elementor-type=\"wp-page\" data-elementor-id=\"1555\" class=\"elementor elementor-1555\" data-elementor-settings=\"[]\">\n\t\t\t\t\t\t<div class=\"elementor-inner\">\n\t\t\t\t\t\t\t<div class=\"elementor-section-wrap\">\n\t\t\t\t\t\t\t<section class=\"elementor-section elementor-top-section elementor-element elementor-element-7260190 elementor-section-boxed elementor-section-height-default elementor-section-height-default\" data-id=\"7260190\" data-element_type=\"section\">\n\t\t\t\t\t\t<div class=\"elementor-container elementor-column-gap-default\">\n\t\t\t\t\t\t\t<div class=\"elementor-row\">\n\t\t\t\t\t<div class=\"aux-parallax-section elementor-column elementor-col-100 elementor-top-column elementor-element elementor-element-e769672\" data-id=\"e769672\" data-element_type=\"column\">\n\t\t\t<div class=\"elementor-column-wrap\">\n\t\t\t\t\t\t\t<div class=\"elementor-widget-wrap\">\n\t\t\t\t\t\t\t\t<\/div>\n\t\t\t\t\t<\/div>\n\t\t<\/div>\n\t\t\t\t\t\t\t\t<\/div>\n\t\t\t\t\t<\/div>\n\t\t<\/section>\n\t\t\t\t<section class=\"elementor-section elementor-top-section elementor-element elementor-element-d0f3366 elementor-section-boxed elementor-section-height-default elementor-section-height-default\" data-id=\"d0f3366\" data-element_type=\"section\">\n\t\t\t\t\t\t<div class=\"elementor-container elementor-column-gap-no\">\n\t\t\t\t\t\t\t<div class=\"elementor-row\">\n\t\t\t\t\t<div class=\"aux-parallax-section elementor-column elementor-col-50 elementor-top-column elementor-element elementor-element-0705c80\" data-id=\"0705c80\" data-element_type=\"column\">\n\t\t\t<div class=\"elementor-column-wrap elementor-element-populated\">\n\t\t\t\t\t\t\t<div class=\"elementor-widget-wrap\">\n\t\t\t\t\t\t<div class=\"elementor-element elementor-element-610f12d elementor-widget elementor-widget-aux_modern_heading\" data-id=\"610f12d\" data-element_type=\"widget\" data-widget_type=\"aux_modern_heading.default\">\n\t\t\t\t<div class=\"elementor-widget-container\">\n\t\t\t<section class=\"aux-widget-modern-heading\">\n            <div class=\"aux-widget-inner\"><h5 class=\"aux-modern-heading-primary\">MITES s.r.l.<\/h5><h3 class=\"aux-modern-heading-secondary\"><span class=\"aux-head-before\">Noleggio Autogr\u00f9<\/span><\/h3><div class=\"aux-modern-heading-description\"><p>Il servizio di noleggio Autogr\u00f9 in Torino e comuni limitrofi \u00e8 facilmente realizzabile grazie alle sedi di Nichelino e Settimo Torinese.<br \/>Autogr\u00f9 elettriche o endotermiche, a torretta girevole o semoventi possono essere messe a disposizione in qualunque zona della citt\u00e0 e dei suoi dintorni.<br \/>Il parco mezzi \u00e8 coniugato a risorse umane qualificate e professionali il cui fine ultimo \u00e8 quello di rispondere alle esigenze della committenza eseguendo i servizi in completa sicurezza. Il vasto parco mezzi consente di effettuare servizi di varia tipologia: dal sollevamento di trasformatori, gruppi frigo, pensiline, antenne, pali telefonici, a carriponte, macchine utensili, ecc.<\/p><\/div><\/div>\n        <\/section>\t\t<\/div>\n\t\t\t\t<\/div>\n\t\t\t\t<div class=\"elementor-element elementor-element-bf4cf25 gallery-spacing-custom elementor-widget elementor-widget-image-gallery\" data-id=\"bf4cf25\" data-element_type=\"widget\" data-widget_type=\"image-gallery.default\">\n\t\t\t\t<div class=\"elementor-widget-container\">\n\t\t\t\t\t<div class=\"elementor-image-gallery\">\n\t\t\t\n\t\t<style type=\"text\/css\">\n\t\t\t#gallery-1 {\n\t\t\t\tmargin: auto;\n\t\t\t}\n\t\t\t#gallery-1 .gallery-item {\n\t\t\t\tfloat: left;\n\t\t\t\tmargin-top: 10px;\n\t\t\t\ttext-align: center;\n\t\t\t\twidth: 20%;\n\t\t\t}\n\t\t\t#gallery-1 img {\n\t\t\t\tborder: 2px solid #cfcfcf;\n\t\t\t}\n\t\t\t#gallery-1 .gallery-caption {\n\t\t\t\tmargin-left: 0;\n\t\t\t}\n\t\t\t\/* see gallery_shortcode() in wp-includes\/media.php *\/\n\t\t<\/style>\n\t\t<div id='gallery-1' class='gallery galleryid-1555 gallery-columns-5 gallery-size-thumbnail'><dl class='gallery-item'>\n\t\t\t<dt class='gallery-icon landscape'>\n\t\t\t\t<a data-elementor-open-lightbox=\"yes\" data-elementor-lightbox-slideshow=\"bf4cf25\" data-elementor-lightbox-title=\"NOLEGGIO-AutgrDSC_0257\" href='https:\/\/mites.it\/online\/wp-content\/uploads\/2021\/05\/NOLEGGIO-AutgrDSC_0257.jpg'><img width=\"150\" height=\"150\" src=\"https:\/\/mites.it\/online\/wp-content\/uploads\/2021\/05\/NOLEGGIO-AutgrDSC_0257-150x150.jpg\" class=\"attachment-thumbnail size-thumbnail\" alt=\"\" loading=\"lazy\" srcset=\"https:\/\/mites.it\/online\/wp-content\/uploads\/2021\/05\/NOLEGGIO-AutgrDSC_0257-150x150.jpg 150w, https:\/\/mites.it\/online\/wp-content\/uploads\/2021\/05\/NOLEGGIO-AutgrDSC_0257-300x300.jpg 300w\" sizes=\"(max-width: 150px) 100vw, 150px\" \/><\/a>\n\t\t\t<\/dt><\/dl><dl class='gallery-item'>\n\t\t\t<dt class='gallery-icon landscape'>\n\t\t\t\t<a data-elementor-open-lightbox=\"yes\" data-elementor-lightbox-slideshow=\"bf4cf25\" data-elementor-lightbox-title=\"DJI_0391\" href='https:\/\/mites.it\/online\/wp-content\/uploads\/2021\/05\/DJI_0391.jpg'><img width=\"150\" height=\"150\" src=\"https:\/\/mites.it\/online\/wp-content\/uploads\/2021\/05\/DJI_0391-150x150.jpg\" class=\"attachment-thumbnail size-thumbnail\" alt=\"\" loading=\"lazy\" srcset=\"https:\/\/mites.it\/online\/wp-content\/uploads\/2021\/05\/DJI_0391-150x150.jpg 150w, https:\/\/mites.it\/online\/wp-content\/uploads\/2021\/05\/DJI_0391-300x300.jpg 300w\" sizes=\"(max-width: 150px) 100vw, 150px\" \/><\/a>\n\t\t\t<\/dt><\/dl><dl class='gallery-item'>\n\t\t\t<dt class='gallery-icon portrait'>\n\t\t\t\t<a data-elementor-open-lightbox=\"yes\" data-elementor-lightbox-slideshow=\"bf4cf25\" data-elementor-lightbox-title=\"_GGF9611-(1)\" href='https:\/\/mites.it\/online\/wp-content\/uploads\/2021\/05\/GGF9611-1.jpg'><img width=\"150\" height=\"150\" src=\"https:\/\/mites.it\/online\/wp-content\/uploads\/2021\/05\/GGF9611-1-150x150.jpg\" class=\"attachment-thumbnail size-thumbnail\" alt=\"\" loading=\"lazy\" srcset=\"https:\/\/mites.it\/online\/wp-content\/uploads\/2021\/05\/GGF9611-1-150x150.jpg 150w, https:\/\/mites.it\/online\/wp-content\/uploads\/2021\/05\/GGF9611-1-300x300.jpg 300w\" sizes=\"(max-width: 150px) 100vw, 150px\" \/><\/a>\n\t\t\t<\/dt><\/dl><dl class='gallery-item'>\n\t\t\t<dt class='gallery-icon landscape'>\n\t\t\t\t<a data-elementor-open-lightbox=\"yes\" data-elementor-lightbox-slideshow=\"bf4cf25\" data-elementor-lightbox-title=\"NOLEGGIO-AutgruMites_082-copia\" href='https:\/\/mites.it\/online\/wp-content\/uploads\/2021\/05\/NOLEGGIO-AutgruMites_082-copia.jpg'><img width=\"150\" height=\"150\" src=\"https:\/\/mites.it\/online\/wp-content\/uploads\/2021\/05\/NOLEGGIO-AutgruMites_082-copia-150x150.jpg\" class=\"attachment-thumbnail size-thumbnail\" alt=\"\" loading=\"lazy\" srcset=\"https:\/\/mites.it\/online\/wp-content\/uploads\/2021\/05\/NOLEGGIO-AutgruMites_082-copia-150x150.jpg 150w, https:\/\/mites.it\/online\/wp-content\/uploads\/2021\/05\/NOLEGGIO-AutgruMites_082-copia-300x300.jpg 300w\" sizes=\"(max-width: 150px) 100vw, 150px\" \/><\/a>\n\t\t\t<\/dt><\/dl><dl class='gallery-item'>\n\t\t\t<dt class='gallery-icon landscape'>\n\t\t\t\t<a data-elementor-open-lightbox=\"yes\" data-elementor-lightbox-slideshow=\"bf4cf25\" data-elementor-lightbox-title=\"_GGF9429\" href='https:\/\/mites.it\/online\/wp-content\/uploads\/2021\/05\/GGF9429.jpg'><img width=\"150\" height=\"150\" src=\"https:\/\/mites.it\/online\/wp-content\/uploads\/2021\/05\/GGF9429-150x150.jpg\" class=\"attachment-thumbnail size-thumbnail\" alt=\"\" loading=\"lazy\" srcset=\"https:\/\/mites.it\/online\/wp-content\/uploads\/2021\/05\/GGF9429-150x150.jpg 150w, https:\/\/mites.it\/online\/wp-content\/uploads\/2021\/05\/GGF9429-300x300.jpg 300w\" sizes=\"(max-width: 150px) 100vw, 150px\" \/><\/a>\n\t\t\t<\/dt><\/dl><br style=\"clear: both\" \/><dl class='gallery-item'>\n\t\t\t<dt class='gallery-icon landscape'>\n\t\t\t\t<a data-elementor-open-lightbox=\"yes\" data-elementor-lightbox-slideshow=\"bf4cf25\" data-elementor-lightbox-title=\"002\" href='https:\/\/mites.it\/online\/wp-content\/uploads\/2021\/05\/002.jpg'><img width=\"150\" height=\"150\" src=\"https:\/\/mites.it\/online\/wp-content\/uploads\/2021\/05\/002-150x150.jpg\" class=\"attachment-thumbnail size-thumbnail\" alt=\"\" loading=\"lazy\" srcset=\"https:\/\/mites.it\/online\/wp-content\/uploads\/2021\/05\/002-150x150.jpg 150w, https:\/\/mites.it\/online\/wp-content\/uploads\/2021\/05\/002-300x300.jpg 300w\" sizes=\"(max-width: 150px) 100vw, 150px\" \/><\/a>\n\t\t\t<\/dt><\/dl><dl class='gallery-item'>\n\t\t\t<dt class='gallery-icon landscape'>\n\t\t\t\t<a data-elementor-open-lightbox=\"yes\" data-elementor-lightbox-slideshow=\"bf4cf25\" data-elementor-lightbox-title=\"IMG_9879\" href='https:\/\/mites.it\/online\/wp-content\/uploads\/2021\/05\/IMG_9879.jpg'><img width=\"150\" height=\"150\" src=\"https:\/\/mites.it\/online\/wp-content\/uploads\/2021\/05\/IMG_9879-150x150.jpg\" class=\"attachment-thumbnail size-thumbnail\" alt=\"\" loading=\"lazy\" srcset=\"https:\/\/mites.it\/online\/wp-content\/uploads\/2021\/05\/IMG_9879-150x150.jpg 150w, https:\/\/mites.it\/online\/wp-content\/uploads\/2021\/05\/IMG_9879-300x300.jpg 300w\" sizes=\"(max-width: 150px) 100vw, 150px\" \/><\/a>\n\t\t\t<\/dt><\/dl><dl class='gallery-item'>\n\t\t\t<dt class='gallery-icon landscape'>\n\t\t\t\t<a data-elementor-open-lightbox=\"yes\" data-elementor-lightbox-slideshow=\"bf4cf25\" data-elementor-lightbox-title=\"5\" href='https:\/\/mites.it\/online\/wp-content\/uploads\/2021\/05\/5.jpg'><img width=\"150\" height=\"150\" src=\"https:\/\/mites.it\/online\/wp-content\/uploads\/2021\/05\/5-150x150.jpg\" class=\"attachment-thumbnail size-thumbnail\" alt=\"\" loading=\"lazy\" srcset=\"https:\/\/mites.it\/online\/wp-content\/uploads\/2021\/05\/5-150x150.jpg 150w, https:\/\/mites.it\/online\/wp-content\/uploads\/2021\/05\/5-300x300.jpg 300w\" sizes=\"(max-width: 150px) 100vw, 150px\" \/><\/a>\n\t\t\t<\/dt><\/dl><dl class='gallery-item'>\n\t\t\t<dt class='gallery-icon portrait'>\n\t\t\t\t<a data-elementor-open-lightbox=\"yes\" data-elementor-lightbox-slideshow=\"bf4cf25\" data-elementor-lightbox-title=\"20180804_104610\" href='https:\/\/mites.it\/online\/wp-content\/uploads\/2021\/05\/20180804_104610.jpg'><img width=\"150\" height=\"150\" src=\"https:\/\/mites.it\/online\/wp-content\/uploads\/2021\/05\/20180804_104610-150x150.jpg\" class=\"attachment-thumbnail size-thumbnail\" alt=\"\" loading=\"lazy\" srcset=\"https:\/\/mites.it\/online\/wp-content\/uploads\/2021\/05\/20180804_104610-150x150.jpg 150w, https:\/\/mites.it\/online\/wp-content\/uploads\/2021\/05\/20180804_104610-300x300.jpg 300w\" sizes=\"(max-width: 150px) 100vw, 150px\" \/><\/a>\n\t\t\t<\/dt><\/dl><dl class='gallery-item'>\n\t\t\t<dt class='gallery-icon landscape'>\n\t\t\t\t<a data-elementor-open-lightbox=\"yes\" data-elementor-lightbox-slideshow=\"bf4cf25\" data-elementor-lightbox-title=\"NOLEGGIO-AutgruDSCN1649\" href='https:\/\/mites.it\/online\/wp-content\/uploads\/2021\/05\/NOLEGGIO-AutgruDSCN1649.jpg'><img width=\"150\" height=\"150\" src=\"https:\/\/mites.it\/online\/wp-content\/uploads\/2021\/05\/NOLEGGIO-AutgruDSCN1649-150x150.jpg\" class=\"attachment-thumbnail size-thumbnail\" alt=\"\" loading=\"lazy\" srcset=\"https:\/\/mites.it\/online\/wp-content\/uploads\/2021\/05\/NOLEGGIO-AutgruDSCN1649-150x150.jpg 150w, https:\/\/mites.it\/online\/wp-content\/uploads\/2021\/05\/NOLEGGIO-AutgruDSCN1649-300x300.jpg 300w\" sizes=\"(max-width: 150px) 100vw, 150px\" \/><\/a>\n\t\t\t<\/dt><\/dl><br style=\"clear: both\" \/>\n\t\t<\/div>\n\t\t<\/div>\n\t\t\t\t<\/div>\n\t\t\t\t<\/div>\n\t\t\t\t\t\t<\/div>\n\t\t\t\t\t<\/div>\n\t\t<\/div>\n\t\t\t\t<div class=\"aux-parallax-section elementor-column elementor-col-50 elementor-top-column elementor-element elementor-element-8bbf5bb\" data-id=\"8bbf5bb\" data-element_type=\"column\">\n\t\t\t<div class=\"elementor-column-wrap elementor-element-populated\">\n\t\t\t\t\t\t\t<div class=\"elementor-widget-wrap\">\n\t\t\t\t\t\t<div class=\"elementor-element elementor-element-0aeb579 elementor-widget elementor-widget-image\" data-id=\"0aeb579\" data-element_type=\"widget\" data-widget_type=\"image.default\">\n\t\t\t\t<div class=\"elementor-widget-container\">\n\t\t\t\t\t\t\t\t<div class=\"elementor-image\">\n\t\t\t\t\t\t\t\t\t\t\t\t\t<a href=\"https:\/\/mites.it\/new\/wp-content\/uploads\/2021\/05\/cover.jpg\" data-elementor-open-lightbox=\"yes\" data-elementor-lightbox-title=\"cover\">\n\t\t\t\t\t\t\t<img width=\"825\" height=\"1100\" src=\"https:\/\/mites.it\/online\/wp-content\/uploads\/2021\/05\/cover.jpg\" class=\"attachment-full size-full\" alt=\"\" loading=\"lazy\" \/>\t\t\t\t\t\t\t\t<\/a>\n\t\t\t\t\t\t\t\t\t\t\t\t\t\t<\/div>\n\t\t\t\t\t\t<\/div>\n\t\t\t\t<\/div>\n\t\t\t\t\t\t<\/div>\n\t\t\t\t\t<\/div>\n\t\t<\/div>\n\t\t\t\t\t\t\t\t<\/div>\n\t\t\t\t\t<\/div>\n\t\t<\/section>\n\t\t\t\t<section class=\"elementor-section elementor-top-section elementor-element elementor-element-0583439 elementor-section-boxed elementor-section-height-default elementor-section-height-default\" data-id=\"0583439\" data-element_type=\"section\" data-settings=\"{&quot;background_background&quot;:&quot;classic&quot;}\">\n\t\t\t\t\t\t<div class=\"elementor-container elementor-column-gap-no\">\n\t\t\t\t\t\t\t<div class=\"elementor-row\">\n\t\t\t\t\t<div class=\"aux-parallax-section elementor-column elementor-col-100 elementor-top-column elementor-element elementor-element-ca70d33\" data-id=\"ca70d33\" data-element_type=\"column\" data-settings=\"{&quot;background_background&quot;:&quot;classic&quot;}\">\n\t\t\t<div class=\"elementor-column-wrap\">\n\t\t\t\t\t\t\t<div class=\"elementor-widget-wrap\">\n\t\t\t\t\t\t\t\t<\/div>\n\t\t\t\t\t<\/div>\n\t\t<\/div>\n\t\t\t\t\t\t\t\t<\/div>\n\t\t\t\t\t<\/div>\n\t\t<\/section>\n\t\t\t\t\t\t<\/div>\n\t\t\t\t\t\t<\/div>\n\t\t\t\t\t<\/div>\n\t\t","protected":false},"excerpt":{"rendered":"<p>MITES s.r.l. Noleggio Autogr\u00f9 Il servizio di noleggio Autogr\u00f9 in Torino e comuni limitrofi \u00e8 facilmente realizzabile grazie alle sedi di Nichelino e Settimo Torinese.Autogr\u00f9 elettriche o endotermiche, a torretta girevole o semoventi possono essere messe a disposizione in qualunque zona della citt\u00e0 e dei suoi dintorni.Il parco mezzi \u00e8 coniugato a risorse umane qualificate [&hellip;]<\/p>\n","protected":false},"author":3,"featured_media":0,"parent":0,"menu_order":0,"comment_status":"closed","ping_status":"closed","template":"templates\/page-builder-content.php","meta":[],"_links":{"self":[{"href":"https:\/\/mites.it\/online\/wp-json\/wp\/v2\/pages\/1555"}],"collection":[{"href":"https:\/\/mites.it\/online\/wp-json\/wp\/v2\/pages"}],"about":[{"href":"https:\/\/mites.it\/online\/wp-json\/wp\/v2\/types\/page"}],"author":[{"embeddable":true,"href":"https:\/\/mites.it\/online\/wp-json\/wp\/v2\/users\/3"}],"replies":[{"embeddable":true,"href":"https:\/\/mites.it\/online\/wp-json\/wp\/v2\/comments?post=1555"}],"version-history":[{"count":19,"href":"https:\/\/mites.it\/online\/wp-json\/wp\/v2\/pages\/1555\/revisions"}],"predecessor-version":[{"id":2076,"href":"https:\/\/mites.it\/online\/wp-json\/wp\/v2\/pages\/1555\/revisions\/2076"}],"wp:attachment":[{"href":"https:\/\/mites.it\/online\/wp-json\/wp\/v2\/media?parent=1555"}],"curies":[{"name":"wp","href":"https:\/\/api.w.org\/{rel}","templated":true}]}}